{"id":74,"date":"2018-02-18T10:24:13","date_gmt":"2018-02-18T10:24:13","guid":{"rendered":"http:\/\/soniprodj.com\/?page_id=74"},"modified":"2020-11-04T17:44:50","modified_gmt":"2020-11-04T17:44:50","slug":"tienda","status":"publish","type":"page","link":"https:\/\/soniprodj.com\/?page_id=74","title":{"rendered":"Tienda"},"content":{"rendered":"\n<p>PUEDES ENCONTRARNOS LAS 24 HORAS DEL D\u00cdA LOS 365 D\u00cdAS DEL A\u00d1O <\/p>\n\n\n\n<p><\/p>\n\n\n\n<p><a href=\"http:\/\/WWW.SONIPRODJSHOP.COM\" target=\"_blank\" rel=\"noreferrer noopener\">WWW.SONIPRODJSHOP.COM<\/a><\/p>\n","protected":false},"excerpt":{"rendered":"<p>PUEDES ENCONTRARNOS LAS 24 HORAS DEL D\u00cdA LOS 365 D\u00cdAS DEL A\u00d1O WWW.SONIPRODJSHOP.COM<\/p>\n","protected":false},"author":1,"featured_media":0,"parent":0,"menu_order":0,"comment_status":"closed","ping_status":"closed","template":"","meta":[],"categories":[],"tags":[],"_links":{"self":[{"href":"https:\/\/soniprodj.com\/index.php?rest_route=\/wp\/v2\/pages\/74"}],"collection":[{"href":"https:\/\/soniprodj.com\/index.php?rest_route=\/wp\/v2\/pages"}],"about":[{"href":"https:\/\/soniprodj.com\/index.php?rest_route=\/wp\/v2\/types\/page"}],"author":[{"embeddable":true,"href":"https:\/\/soniprodj.com\/index.php?rest_route=\/wp\/v2\/users\/1"}],"replies":[{"embeddable":true,"href":"https:\/\/soniprodj.com\/index.php?rest_route=%2Fwp%2Fv2%2Fcomments&post=74"}],"version-history":[{"count":3,"href":"https:\/\/soniprodj.com\/index.php?rest_route=\/wp\/v2\/pages\/74\/revisions"}],"predecessor-version":[{"id":127,"href":"https:\/\/soniprodj.com\/index.php?rest_route=\/wp\/v2\/pages\/74\/revisions\/127"}],"wp:attachment":[{"href":"https:\/\/soniprodj.com\/index.php?rest_route=%2Fwp%2Fv2%2Fmedia&parent=74"}],"wp:term":[{"taxonomy":"category","embeddable":true,"href":"https:\/\/soniprodj.com\/index.php?rest_route=%2Fwp%2Fv2%2Fcategories&post=74"},{"taxonomy":"post_tag","embeddable":true,"href":"https:\/\/soniprodj.com\/index.php?rest_route=%2Fwp%2Fv2%2Ftags&post=74"}],"curies":[{"name":"wp","href":"https:\/\/api.w.org\/{rel}","templated":true}]}}